{"id":11,"date":"2022-12-29T09:28:21","date_gmt":"2022-12-29T08:28:21","guid":{"rendered":"http:\/\/amcbiznesgroup.pl\/index.php\/contact-us\/"},"modified":"2025-06-06T16:15:47","modified_gmt":"2025-06-06T14:15:47","slug":"oferta","status":"publish","type":"page","link":"https:\/\/amcbiznesgroup.pl\/index.php\/oferta\/","title":{"rendered":"Oferta"},"content":{"rendered":"\t\t<div data-elementor-type=\"wp-page\" data-elementor-id=\"11\" class=\"elementor elementor-11\" data-elementor-post-type=\"page\">\n\t\t\t\t\t\t<section class=\"elementor-section elementor-top-section elementor-element elementor-element-3ae96a0 elementor-section-full_width elementor-section-height-min-height elementor-section-height-default elementor-section-items-middle\" data-id=\"3ae96a0\" data-element_type=\"section\" data-e-type=\"section\">\n\t\t\t\t\t\t\t<div class=\"elementor-background-overlay\"><\/div>\n\t\t\t\t\t\t\t<div class=\"elementor-container elementor-column-gap-default\">\n\t\t\t\t\t<div class=\"elementor-column elementor-col-100 elementor-top-column elementor-element elementor-element-3d19ab1\" data-id=\"3d19ab1\" data-element_type=\"column\" data-e-type=\"column\">\n\t\t\t<div class=\"elementor-widget-wrap elementor-element-populated\">\n\t\t\t\t\t\t<div class=\"elementor-element elementor-element-2f15801 elementor-invisible elementor-widget elementor-widget-heading\" data-id=\"2f15801\" data-element_type=\"widget\" data-e-type=\"widget\" data-settings=\"{&quot;_animation&quot;:&quot;fadeInUp&quot;}\" data-widget_type=\"heading.default\">\n\t\t\t\t<div class=\"elementor-widget-container\">\n\t\t\t\t\t<h2 class=\"elementor-heading-title elementor-size-default\">Oferta<\/h2>\t\t\t\t<\/div>\n\t\t\t\t<\/div>\n\t\t\t\t<div class=\"elementor-element elementor-element-7521235 elementor-widget elementor-widget-spacer\" data-id=\"7521235\" data-element_type=\"widget\" data-e-type=\"widget\" data-widget_type=\"spacer.default\">\n\t\t\t\t<div class=\"elementor-widget-container\">\n\t\t\t\t\t\t\t<div class=\"elementor-spacer\">\n\t\t\t<div class=\"elementor-spacer-inner\"><\/div>\n\t\t<\/div>\n\t\t\t\t\t\t<\/div>\n\t\t\t\t<\/div>\n\t\t\t\t<div class=\"elementor-element elementor-element-4a2d53e elementor-widget__width-initial elementor-widget elementor-widget-text-editor\" data-id=\"4a2d53e\" data-element_type=\"widget\" data-e-type=\"widget\" data-widget_type=\"text-editor.default\">\n\t\t\t\t<div class=\"elementor-widget-container\">\n\t\t\t\t\t\t\t\t\t<p>Zapraszamy na konsultacje z naszymi ekspertami!<\/p>\t\t\t\t\t\t\t\t<\/div>\n\t\t\t\t<\/div>\n\t\t\t\t<div class=\"elementor-element elementor-element-400262b elementor-widget elementor-widget-spacer\" data-id=\"400262b\" data-element_type=\"widget\" data-e-type=\"widget\" data-widget_type=\"spacer.default\">\n\t\t\t\t<div class=\"elementor-widget-container\">\n\t\t\t\t\t\t\t<div class=\"elementor-spacer\">\n\t\t\t<div class=\"elementor-spacer-inner\"><\/div>\n\t\t<\/div>\n\t\t\t\t\t\t<\/div>\n\t\t\t\t<\/div>\n\t\t\t\t\t<\/div>\n\t\t<\/div>\n\t\t\t\t\t<\/div>\n\t\t<\/section>\n\t\t\t\t<section class=\"elementor-section elementor-top-section elementor-element elementor-element-f26e851 elementor-section-full_width elementor-section-height-default elementor-section-height-default\" data-id=\"f26e851\" data-element_type=\"section\" data-e-type=\"section\">\n\t\t\t\t\t\t<div class=\"elementor-container elementor-column-gap-default\">\n\t\t\t\t\t<div class=\"elementor-column elementor-col-33 elementor-top-column elementor-element elementor-element-9a5a406\" data-id=\"9a5a406\" data-element_type=\"column\" data-e-type=\"column\">\n\t\t\t<div class=\"elementor-widget-wrap elementor-element-populated\">\n\t\t\t\t\t\t<div class=\"elementor-element elementor-element-9cfa616 elementor-widget__width-initial animated-slow elementor-absolute elementor-invisible elementor-widget elementor-widget-text-editor\" data-id=\"9cfa616\" data-element_type=\"widget\" data-e-type=\"widget\" data-settings=\"{&quot;_animation&quot;:&quot;slideInUp&quot;,&quot;_position&quot;:&quot;absolute&quot;}\" data-widget_type=\"text-editor.default\">\n\t\t\t\t<div class=\"elementor-widget-container\">\n\t\t\t\t\t\t\t\t\t<h1 style=\"text-align: center;\">Ksi\u0119gowo\u015b\u0107 wewn\u0119trzna<\/h1><p>Ksi\u0119gowo\u015b\u0107 wewn\u0119trzna prowadzona w formie online. Kompleksowa obs\u0142uga ksi\u0119gowa dla ka\u017cdej dzia\u0142alno\u015bci niezale\u017cnie od miejsca. Utrzymujemy sta\u0142y kontakt z naszymi klientami poprzez ustalone dogodne formy kontaktu.<\/p><p>W ofercie ksi\u0119gowo\u015bci znajduj\u0119 si\u0119 m.in:<\/p><ul><li>weryfikacja dokument\u00f3w,<\/li><li>prowadzenie ewidencji,<\/li><li>analiza i uzgadnianie rozrachunk\u00f3w,<\/li><li>sporz\u0105dzanie deklaracji podatkowych,<\/li><li>sporz\u0105dzanie sprawozda\u0144 finansowych,<\/li><li>reprezentacja klienta w obszarze ksi\u0119gowym,<\/li><li>przesy\u0142anie w imieniu klienta deklaracji i dopilnowanie terminowo\u015bci,<\/li><li>rozliczanie transakcji,<\/li><li>przygotowywanie przelew\u00f3w w zakresie rozlicze\u0144,<\/li><li>kontrola zobowi\u0105za\u0144.<\/li><\/ul><p>Ka\u017cd\u0105 ofert\u0119 dostosowujemy indywidualnie i j\u0105 wyceniamy. Zapraszamy do kontaktu.<\/p>\t\t\t\t\t\t\t\t<\/div>\n\t\t\t\t<\/div>\n\t\t\t\t\t<\/div>\n\t\t<\/div>\n\t\t\t\t<div class=\"elementor-column elementor-col-33 elementor-top-column elementor-element elementor-element-d43dc6c\" data-id=\"d43dc6c\" data-element_type=\"column\" data-e-type=\"column\">\n\t\t\t<div class=\"elementor-widget-wrap elementor-element-populated\">\n\t\t\t\t\t\t<div class=\"elementor-element elementor-element-7b5b8ee elementor-widget__width-initial animated-slow elementor-absolute elementor-invisible elementor-widget elementor-widget-text-editor\" data-id=\"7b5b8ee\" data-element_type=\"widget\" data-e-type=\"widget\" data-settings=\"{&quot;_animation&quot;:&quot;slideInUp&quot;,&quot;_position&quot;:&quot;absolute&quot;}\" data-widget_type=\"text-editor.default\">\n\t\t\t\t<div class=\"elementor-widget-container\">\n\t\t\t\t\t\t\t\t\t<h2 style=\"text-align: center;\">Dotacje i dofinansowania<\/h2><p>Analiza dofinansowa\u0144 i dotacji krajowych oraz europejskich dla wybranej firmy oraz pomoc w ich uzyskaniu:<\/p><ul><li>tworzenie dokumentacji wymaganej do rejestracji zg\u0142osze\u0144,<\/li><li>analiza aspekt\u00f3w przedsi\u0119biorstwa pod k\u0105tem dofinansowa\u0144,<\/li><li>realizacja zalece\u0144 zawartych w celu otrzymania dotacji.<\/li><\/ul><div>\u00a0<\/div><div>\u00a0<\/div><div>\u00a0<\/div><div>\u00a0<\/div><div>\u00a0<\/div><div>\u00a0<\/div><div>\u00a0<\/div><div>\u00a0<\/div><div>\u00a0<\/div><div>\u00a0<\/div><div>\u00a0<\/div><div>\u00a0<\/div><div>\u00a0<\/div>\t\t\t\t\t\t\t\t<\/div>\n\t\t\t\t<\/div>\n\t\t\t\t<div class=\"elementor-element elementor-element-805cc60 elementor-widget elementor-widget-wp-widget-categories\" data-id=\"805cc60\" data-element_type=\"widget\" data-e-type=\"widget\" data-widget_type=\"wp-widget-categories.default\">\n\t\t\t\t<div class=\"elementor-widget-container\">\n\t\t\t\t\t<h5>Kategorie<\/h5>\n\t\t\t<ul>\n\t\t\t\t\t<li class=\"cat-item cat-item-1\"><a href=\"https:\/\/amcbiznesgroup.pl\/index.php\/category\/bez-kategorii\/\">Bez kategorii<\/a>\n<\/li>\n\t\t\t<\/ul>\n\n\t\t\t\t\t\t\t<\/div>\n\t\t\t\t<\/div>\n\t\t\t\t<div class=\"elementor-element elementor-element-09e9759 elementor-widget elementor-widget-spacer\" data-id=\"09e9759\" data-element_type=\"widget\" data-e-type=\"widget\" data-widget_type=\"spacer.default\">\n\t\t\t\t<div class=\"elementor-widget-container\">\n\t\t\t\t\t\t\t<div class=\"elementor-spacer\">\n\t\t\t<div class=\"elementor-spacer-inner\"><\/div>\n\t\t<\/div>\n\t\t\t\t\t\t<\/div>\n\t\t\t\t<\/div>\n\t\t\t\t\t<\/div>\n\t\t<\/div>\n\t\t\t\t<div class=\"elementor-column elementor-col-33 elementor-top-column elementor-element elementor-element-c51abdc\" data-id=\"c51abdc\" data-element_type=\"column\" data-e-type=\"column\">\n\t\t\t<div class=\"elementor-widget-wrap elementor-element-populated\">\n\t\t\t\t\t\t<div class=\"elementor-element elementor-element-2a479e3 animated-slow elementor-invisible elementor-widget elementor-widget-text-editor\" data-id=\"2a479e3\" data-element_type=\"widget\" data-e-type=\"widget\" data-settings=\"{&quot;_animation&quot;:&quot;slideInUp&quot;}\" data-widget_type=\"text-editor.default\">\n\t\t\t\t<div class=\"elementor-widget-container\">\n\t\t\t\t\t\t\t\t\t<h2 style=\"text-align: center;\">Kadry i p\u0142ace<\/h2>\n<p>Pe\u0142na obs\u0142uga kadrowo-p\u0142acowa firm:<\/p>\n<ul>\n<li>zatrudnienia,<\/li>\n<li>rozliczanie wynagrodze\u0144,<\/li>\n<li>przygotowywanie dokumentacji oraz um\u00f3w,<\/li>\n<li>sporz\u0105dzanie listy p\u0142ac,<\/li>\n<li>uwzgl\u0119dnienie szkole\u0144 BHP,<\/li>\n<li>prowadzenie akt osobowych,<\/li>\n<li>prowadzenie ewidencji (czas pracy, urlopy, zwolnienia lekarskie itp.),<\/li>\n<li>analiza zmian w zakresie kadr i p\u0142ac.<\/li>\n<\/ul>\n<div>&nbsp;<\/div>\n<div>&nbsp;<\/div>\n<div>&nbsp;<\/div>\n<div>&nbsp;<\/div>\n<div>&nbsp;<\/div><div><br><\/div><div><br><\/div><div><br><\/div><div>&nbsp;<\/div>\n<div>&nbsp;<\/div>\n<div>&nbsp;<\/div>\n<div>&nbsp;<\/div>\t\t\t\t\t\t\t\t<\/div>\n\t\t\t\t<\/div>\n\t\t\t\t\t<\/div>\n\t\t<\/div>\n\t\t\t\t\t<\/div>\n\t\t<\/section>\n\t\t\t\t<section class=\"elementor-section elementor-top-section elementor-element elementor-element-95a4a02 elementor-section-boxed elementor-section-height-default elementor-section-height-default\" data-id=\"95a4a02\" data-element_type=\"section\" data-e-type=\"section\">\n\t\t\t\t\t\t<div class=\"elementor-container elementor-column-gap-default\">\n\t\t\t\t\t<div class=\"elementor-column elementor-col-100 elementor-top-column elementor-element elementor-element-4b639f4\" data-id=\"4b639f4\" data-element_type=\"column\" data-e-type=\"column\">\n\t\t\t<div class=\"elementor-widget-wrap\">\n\t\t\t\t\t\t\t<\/div>\n\t\t<\/div>\n\t\t\t\t\t<\/div>\n\t\t<\/section>\n\t\t\t\t<section class=\"elementor-section elementor-top-section elementor-element elementor-element-35d447b elementor-section-full_width elementor-section-height-default elementor-section-height-default\" data-id=\"35d447b\" data-element_type=\"section\" data-e-type=\"section\">\n\t\t\t\t\t\t<div class=\"elementor-container elementor-column-gap-default\">\n\t\t\t\t\t<div class=\"elementor-column elementor-col-33 elementor-top-column elementor-element elementor-element-035572e\" data-id=\"035572e\" data-element_type=\"column\" data-e-type=\"column\">\n\t\t\t<div class=\"elementor-widget-wrap elementor-element-populated\">\n\t\t\t\t\t\t<div class=\"elementor-element elementor-element-9e86888 elementor-widget__width-initial animated-slow elementor-invisible elementor-widget elementor-widget-text-editor\" data-id=\"9e86888\" data-element_type=\"widget\" data-e-type=\"widget\" data-settings=\"{&quot;_animation&quot;:&quot;slideInUp&quot;}\" data-widget_type=\"text-editor.default\">\n\t\t\t\t<div class=\"elementor-widget-container\">\n\t\t\t\t\t\t\t\t\t<h2 style=\"text-align: center;\">Audyt<\/h2><p>Wykonujemy audyty w firmach w celu optymalizacji koszt\u00f3w, oceny sytuacji finansowej oraz sprawdzenia dokumentacji pod wzgl\u0119dem poprawno\u015bci zgodnie z obowi\u0105zuj\u0105cymi przepisami.<\/p>\t\t\t\t\t\t\t\t<\/div>\n\t\t\t\t<\/div>\n\t\t\t\t\t<\/div>\n\t\t<\/div>\n\t\t\t\t<div class=\"elementor-column elementor-col-33 elementor-top-column elementor-element elementor-element-5285e80\" data-id=\"5285e80\" data-element_type=\"column\" data-e-type=\"column\">\n\t\t\t<div class=\"elementor-widget-wrap elementor-element-populated\">\n\t\t\t\t\t\t<div class=\"elementor-element elementor-element-430beab elementor-widget__width-initial animated-slow elementor-invisible elementor-widget elementor-widget-text-editor\" data-id=\"430beab\" data-element_type=\"widget\" data-e-type=\"widget\" data-settings=\"{&quot;_animation&quot;:&quot;slideInUp&quot;}\" data-widget_type=\"text-editor.default\">\n\t\t\t\t<div class=\"elementor-widget-container\">\n\t\t\t\t\t\t\t\t\t<h2 style=\"text-align: center;\">Doradztwo podatkowe<\/h2><p>Udzielamy sta\u0142ego doradztwa podatkowego lub na zlecenie, wyja\u015bniamy problematyczne aspekty z dziedziny prawa podatkowego, dokonujemy analiz i rekomendujemy rozwi\u0105zania najbardziej korzystne dla Naszych klient\u00f3w.<\/p><p>\u00a0<\/p><p>\u00a0<\/p><p>\u00a0<\/p><p>\u00a0<\/p><p>\u00a0<\/p>\t\t\t\t\t\t\t\t<\/div>\n\t\t\t\t<\/div>\n\t\t\t\t\t<\/div>\n\t\t<\/div>\n\t\t\t\t<div class=\"elementor-column elementor-col-33 elementor-top-column elementor-element elementor-element-7ee3d77\" data-id=\"7ee3d77\" data-element_type=\"column\" data-e-type=\"column\">\n\t\t\t<div class=\"elementor-widget-wrap elementor-element-populated\">\n\t\t\t\t\t\t<div class=\"elementor-element elementor-element-c835fd8 animated-slow elementor-invisible elementor-widget elementor-widget-text-editor\" data-id=\"c835fd8\" data-element_type=\"widget\" data-e-type=\"widget\" data-settings=\"{&quot;_animation&quot;:&quot;slideInUp&quot;}\" data-widget_type=\"text-editor.default\">\n\t\t\t\t<div class=\"elementor-widget-container\">\n\t\t\t\t\t\t\t\t\t<h2 style=\"text-align: center;\">Doradztwo dla firm<\/h2><p>Proponujemy ofert\u0119 indywidualnego doradztwa dla firm:<\/p><ul><li>doradztwo w podejmowaniu strategicznych decyzji oraz inwestycji,<\/li><li>doboru odpowiednich form prowadzenia dzia\u0142alno\u015bci,<\/li><li>analizy biznesplan\u00f3w,<\/li><li>doradztwo podczas tworzenia nowej dzia\u0142alno\u015bci,<\/li><\/ul><p>i wiele innych.<\/p><p>\u00a0<\/p>\t\t\t\t\t\t\t\t<\/div>\n\t\t\t\t<\/div>\n\t\t\t\t\t<\/div>\n\t\t<\/div>\n\t\t\t\t\t<\/div>\n\t\t<\/section>\n\t\t\t\t<section class=\"elementor-section elementor-top-section elementor-element elementor-element-f58102d elementor-section-full_width elementor-section-height-default elementor-section-height-default\" data-id=\"f58102d\" data-element_type=\"section\" data-e-type=\"section\">\n\t\t\t\t\t\t<div class=\"elementor-container elementor-column-gap-default\">\n\t\t\t\t\t<div class=\"elementor-column elementor-col-33 elementor-top-column elementor-element elementor-element-e18f97a\" data-id=\"e18f97a\" data-element_type=\"column\" data-e-type=\"column\">\n\t\t\t<div class=\"elementor-widget-wrap\">\n\t\t\t\t\t\t\t<\/div>\n\t\t<\/div>\n\t\t\t\t<div class=\"elementor-column elementor-col-33 elementor-top-column elementor-element elementor-element-405bf2c\" data-id=\"405bf2c\" data-element_type=\"column\" data-e-type=\"column\">\n\t\t\t<div class=\"elementor-widget-wrap\">\n\t\t\t\t\t\t\t<\/div>\n\t\t<\/div>\n\t\t\t\t<div class=\"elementor-column elementor-col-33 elementor-top-column elementor-element elementor-element-f436c24\" data-id=\"f436c24\" data-element_type=\"column\" data-e-type=\"column\">\n\t\t\t<div class=\"elementor-widget-wrap\">\n\t\t\t\t\t\t\t<\/div>\n\t\t<\/div>\n\t\t\t\t\t<\/div>\n\t\t<\/section>\n\t\t\t\t<\/div>\n\t\t","protected":false},"excerpt":{"rendered":"<p>Oferta Zapraszamy na konsultacje z naszymi ekspertami! Ksi\u0119gowo\u015b\u0107 wewn\u0119trzna Ksi\u0119gowo\u015b\u0107 wewn\u0119trzna prowadzona w formie online. Kompleksowa obs\u0142uga ksi\u0119gowa dla ka\u017cdej dzia\u0142alno\u015bci niezale\u017cnie od miejsca. Utrzymujemy sta\u0142y kontakt z naszymi klientami poprzez ustalone dogodne formy kontaktu. W ofercie ksi\u0119gowo\u015bci znajduj\u0119 si\u0119 m.in: weryfikacja dokument\u00f3w, prowadzenie ewidencji, analiza i uzgadnianie rozrachunk\u00f3w, sporz\u0105dzanie deklaracji podatkowych, sporz\u0105dzanie sprawozda\u0144 finansowych, [&hellip;]<\/p>\n","protected":false},"author":1,"featured_media":15,"parent":0,"menu_order":0,"comment_status":"closed","ping_status":"closed","template":"elementor_header_footer","meta":{"om_disable_all_campaigns":false,"_monsterinsights_skip_tracking":false,"_monsterinsights_sitenote_active":false,"_monsterinsights_sitenote_note":"","_monsterinsights_sitenote_category":0,"_uf_show_specific_survey":0,"_uf_disable_surveys":false,"footnotes":""},"class_list":["post-11","page","type-page","status-publish","has-post-thumbnail","hentry"],"yoast_head":"<!-- This site is optimized with the Yoast SEO plugin v27.4 - https:\/\/yoast.com\/product\/yoast-seo-wordpress\/ -->\n<title>Oferta - AMC Biznes Group Biuro Rachunkowe<\/title>\n<meta name=\"robots\" content=\"index, follow, max-snippet:-1, max-image-preview:large, max-video-preview:-1\" \/>\n<link rel=\"canonical\" href=\"http:\/\/amcbiznesgroup.pl\/index.php\/oferta\/\" \/>\n<meta property=\"og:locale\" content=\"pl_PL\" \/>\n<meta property=\"og:type\" content=\"article\" \/>\n<meta property=\"og:title\" content=\"Oferta - AMC Biznes Group Biuro Rachunkowe\" \/>\n<meta property=\"og:description\" content=\"Oferta Zapraszamy na konsultacje z naszymi ekspertami! Ksi\u0119gowo\u015b\u0107 wewn\u0119trzna Ksi\u0119gowo\u015b\u0107 wewn\u0119trzna prowadzona w formie online. Kompleksowa obs\u0142uga ksi\u0119gowa dla ka\u017cdej dzia\u0142alno\u015bci niezale\u017cnie od miejsca. Utrzymujemy sta\u0142y kontakt z naszymi klientami poprzez ustalone dogodne formy kontaktu. W ofercie ksi\u0119gowo\u015bci znajduj\u0119 si\u0119 m.in: weryfikacja dokument\u00f3w, prowadzenie ewidencji, analiza i uzgadnianie rozrachunk\u00f3w, sporz\u0105dzanie deklaracji podatkowych, sporz\u0105dzanie sprawozda\u0144 finansowych, [&hellip;]\" \/>\n<meta property=\"og:url\" content=\"http:\/\/amcbiznesgroup.pl\/index.php\/oferta\/\" \/>\n<meta property=\"og:site_name\" content=\"AMC Biznes Group Biuro Rachunkowe\" \/>\n<meta property=\"article:publisher\" content=\"https:\/\/www.facebook.com\/AMC.biznes.group\" \/>\n<meta property=\"article:modified_time\" content=\"2025-06-06T14:15:47+00:00\" \/>\n<meta property=\"og:image\" content=\"http:\/\/amcbiznesgroup.pl\/wp-content\/uploads\/2022\/12\/Contact-400_380.jpg\" \/>\n\t<meta property=\"og:image:width\" content=\"400\" \/>\n\t<meta property=\"og:image:height\" content=\"380\" \/>\n\t<meta property=\"og:image:type\" content=\"image\/jpeg\" \/>\n<meta name=\"twitter:card\" content=\"summary_large_image\" \/>\n<meta name=\"twitter:label1\" content=\"Szacowany czas czytania\" \/>\n\t<meta name=\"twitter:data1\" content=\"2 minuty\" \/>\n<script type=\"application\/ld+json\" class=\"yoast-schema-graph\">{\"@context\":\"https:\\\/\\\/schema.org\",\"@graph\":[{\"@type\":\"WebPage\",\"@id\":\"http:\\\/\\\/amcbiznesgroup.pl\\\/index.php\\\/oferta\\\/\",\"url\":\"http:\\\/\\\/amcbiznesgroup.pl\\\/index.php\\\/oferta\\\/\",\"name\":\"Oferta - AMC Biznes Group Biuro Rachunkowe\",\"isPartOf\":{\"@id\":\"http:\\\/\\\/amcbiznesgroup.pl\\\/#website\"},\"primaryImageOfPage\":{\"@id\":\"http:\\\/\\\/amcbiznesgroup.pl\\\/index.php\\\/oferta\\\/#primaryimage\"},\"image\":{\"@id\":\"http:\\\/\\\/amcbiznesgroup.pl\\\/index.php\\\/oferta\\\/#primaryimage\"},\"thumbnailUrl\":\"https:\\\/\\\/amcbiznesgroup.pl\\\/wp-content\\\/uploads\\\/2022\\\/12\\\/Contact-400_380.jpg\",\"datePublished\":\"2022-12-29T08:28:21+00:00\",\"dateModified\":\"2025-06-06T14:15:47+00:00\",\"breadcrumb\":{\"@id\":\"http:\\\/\\\/amcbiznesgroup.pl\\\/index.php\\\/oferta\\\/#breadcrumb\"},\"inLanguage\":\"pl-PL\",\"potentialAction\":[{\"@type\":\"ReadAction\",\"target\":[\"http:\\\/\\\/amcbiznesgroup.pl\\\/index.php\\\/oferta\\\/\"]}]},{\"@type\":\"ImageObject\",\"inLanguage\":\"pl-PL\",\"@id\":\"http:\\\/\\\/amcbiznesgroup.pl\\\/index.php\\\/oferta\\\/#primaryimage\",\"url\":\"https:\\\/\\\/amcbiznesgroup.pl\\\/wp-content\\\/uploads\\\/2022\\\/12\\\/Contact-400_380.jpg\",\"contentUrl\":\"https:\\\/\\\/amcbiznesgroup.pl\\\/wp-content\\\/uploads\\\/2022\\\/12\\\/Contact-400_380.jpg\",\"width\":400,\"height\":380},{\"@type\":\"BreadcrumbList\",\"@id\":\"http:\\\/\\\/amcbiznesgroup.pl\\\/index.php\\\/oferta\\\/#breadcrumb\",\"itemListElement\":[{\"@type\":\"ListItem\",\"position\":1,\"name\":\"Strona g\u0142\u00f3wna\",\"item\":\"http:\\\/\\\/amcbiznesgroup.pl\\\/\"},{\"@type\":\"ListItem\",\"position\":2,\"name\":\"Oferta\"}]},{\"@type\":\"WebSite\",\"@id\":\"http:\\\/\\\/amcbiznesgroup.pl\\\/#website\",\"url\":\"http:\\\/\\\/amcbiznesgroup.pl\\\/\",\"name\":\"AMC Biznes Group Biuro Rachunkowe\",\"description\":\"Biuro rachunkowe - Optymalizacja ksi\u0119gowo\u015bci Twojej firmy\",\"publisher\":{\"@id\":\"http:\\\/\\\/amcbiznesgroup.pl\\\/#organization\"},\"potentialAction\":[{\"@type\":\"SearchAction\",\"target\":{\"@type\":\"EntryPoint\",\"urlTemplate\":\"http:\\\/\\\/amcbiznesgroup.pl\\\/?s={search_term_string}\"},\"query-input\":{\"@type\":\"PropertyValueSpecification\",\"valueRequired\":true,\"valueName\":\"search_term_string\"}}],\"inLanguage\":\"pl-PL\"},{\"@type\":\"Organization\",\"@id\":\"http:\\\/\\\/amcbiznesgroup.pl\\\/#organization\",\"name\":\"AMC Biznes Group Biuro Rachunkowe\",\"url\":\"http:\\\/\\\/amcbiznesgroup.pl\\\/\",\"logo\":{\"@type\":\"ImageObject\",\"inLanguage\":\"pl-PL\",\"@id\":\"http:\\\/\\\/amcbiznesgroup.pl\\\/#\\\/schema\\\/logo\\\/image\\\/\",\"url\":\"https:\\\/\\\/amcbiznesgroup.pl\\\/wp-content\\\/uploads\\\/2025\\\/03\\\/cropped-BIZNES-GROUP-Biuro-Rachunkowe-Spolka-z-ograniczona-odpowiedzialnoscia-2.png\",\"contentUrl\":\"https:\\\/\\\/amcbiznesgroup.pl\\\/wp-content\\\/uploads\\\/2025\\\/03\\\/cropped-BIZNES-GROUP-Biuro-Rachunkowe-Spolka-z-ograniczona-odpowiedzialnoscia-2.png\",\"width\":1611,\"height\":1508,\"caption\":\"AMC Biznes Group Biuro Rachunkowe\"},\"image\":{\"@id\":\"http:\\\/\\\/amcbiznesgroup.pl\\\/#\\\/schema\\\/logo\\\/image\\\/\"},\"sameAs\":[\"https:\\\/\\\/www.facebook.com\\\/AMC.biznes.group\",\"https:\\\/\\\/www.instagram.com\\\/amc.biznes.group\\\/\"]}]}<\/script>\n<!-- \/ Yoast SEO plugin. -->","yoast_head_json":{"title":"Oferta - AMC Biznes Group Biuro Rachunkowe","robots":{"index":"index","follow":"follow","max-snippet":"max-snippet:-1","max-image-preview":"max-image-preview:large","max-video-preview":"max-video-preview:-1"},"canonical":"http:\/\/amcbiznesgroup.pl\/index.php\/oferta\/","og_locale":"pl_PL","og_type":"article","og_title":"Oferta - AMC Biznes Group Biuro Rachunkowe","og_description":"Oferta Zapraszamy na konsultacje z naszymi ekspertami! Ksi\u0119gowo\u015b\u0107 wewn\u0119trzna Ksi\u0119gowo\u015b\u0107 wewn\u0119trzna prowadzona w formie online. Kompleksowa obs\u0142uga ksi\u0119gowa dla ka\u017cdej dzia\u0142alno\u015bci niezale\u017cnie od miejsca. Utrzymujemy sta\u0142y kontakt z naszymi klientami poprzez ustalone dogodne formy kontaktu. W ofercie ksi\u0119gowo\u015bci znajduj\u0119 si\u0119 m.in: weryfikacja dokument\u00f3w, prowadzenie ewidencji, analiza i uzgadnianie rozrachunk\u00f3w, sporz\u0105dzanie deklaracji podatkowych, sporz\u0105dzanie sprawozda\u0144 finansowych, [&hellip;]","og_url":"http:\/\/amcbiznesgroup.pl\/index.php\/oferta\/","og_site_name":"AMC Biznes Group Biuro Rachunkowe","article_publisher":"https:\/\/www.facebook.com\/AMC.biznes.group","article_modified_time":"2025-06-06T14:15:47+00:00","og_image":[{"width":400,"height":380,"url":"http:\/\/amcbiznesgroup.pl\/wp-content\/uploads\/2022\/12\/Contact-400_380.jpg","type":"image\/jpeg"}],"twitter_card":"summary_large_image","twitter_misc":{"Szacowany czas czytania":"2 minuty"},"schema":{"@context":"https:\/\/schema.org","@graph":[{"@type":"WebPage","@id":"http:\/\/amcbiznesgroup.pl\/index.php\/oferta\/","url":"http:\/\/amcbiznesgroup.pl\/index.php\/oferta\/","name":"Oferta - AMC Biznes Group Biuro Rachunkowe","isPartOf":{"@id":"http:\/\/amcbiznesgroup.pl\/#website"},"primaryImageOfPage":{"@id":"http:\/\/amcbiznesgroup.pl\/index.php\/oferta\/#primaryimage"},"image":{"@id":"http:\/\/amcbiznesgroup.pl\/index.php\/oferta\/#primaryimage"},"thumbnailUrl":"https:\/\/amcbiznesgroup.pl\/wp-content\/uploads\/2022\/12\/Contact-400_380.jpg","datePublished":"2022-12-29T08:28:21+00:00","dateModified":"2025-06-06T14:15:47+00:00","breadcrumb":{"@id":"http:\/\/amcbiznesgroup.pl\/index.php\/oferta\/#breadcrumb"},"inLanguage":"pl-PL","potentialAction":[{"@type":"ReadAction","target":["http:\/\/amcbiznesgroup.pl\/index.php\/oferta\/"]}]},{"@type":"ImageObject","inLanguage":"pl-PL","@id":"http:\/\/amcbiznesgroup.pl\/index.php\/oferta\/#primaryimage","url":"https:\/\/amcbiznesgroup.pl\/wp-content\/uploads\/2022\/12\/Contact-400_380.jpg","contentUrl":"https:\/\/amcbiznesgroup.pl\/wp-content\/uploads\/2022\/12\/Contact-400_380.jpg","width":400,"height":380},{"@type":"BreadcrumbList","@id":"http:\/\/amcbiznesgroup.pl\/index.php\/oferta\/#breadcrumb","itemListElement":[{"@type":"ListItem","position":1,"name":"Strona g\u0142\u00f3wna","item":"http:\/\/amcbiznesgroup.pl\/"},{"@type":"ListItem","position":2,"name":"Oferta"}]},{"@type":"WebSite","@id":"http:\/\/amcbiznesgroup.pl\/#website","url":"http:\/\/amcbiznesgroup.pl\/","name":"AMC Biznes Group Biuro Rachunkowe","description":"Biuro rachunkowe - Optymalizacja ksi\u0119gowo\u015bci Twojej firmy","publisher":{"@id":"http:\/\/amcbiznesgroup.pl\/#organization"},"potentialAction":[{"@type":"SearchAction","target":{"@type":"EntryPoint","urlTemplate":"http:\/\/amcbiznesgroup.pl\/?s={search_term_string}"},"query-input":{"@type":"PropertyValueSpecification","valueRequired":true,"valueName":"search_term_string"}}],"inLanguage":"pl-PL"},{"@type":"Organization","@id":"http:\/\/amcbiznesgroup.pl\/#organization","name":"AMC Biznes Group Biuro Rachunkowe","url":"http:\/\/amcbiznesgroup.pl\/","logo":{"@type":"ImageObject","inLanguage":"pl-PL","@id":"http:\/\/amcbiznesgroup.pl\/#\/schema\/logo\/image\/","url":"https:\/\/amcbiznesgroup.pl\/wp-content\/uploads\/2025\/03\/cropped-BIZNES-GROUP-Biuro-Rachunkowe-Spolka-z-ograniczona-odpowiedzialnoscia-2.png","contentUrl":"https:\/\/amcbiznesgroup.pl\/wp-content\/uploads\/2025\/03\/cropped-BIZNES-GROUP-Biuro-Rachunkowe-Spolka-z-ograniczona-odpowiedzialnoscia-2.png","width":1611,"height":1508,"caption":"AMC Biznes Group Biuro Rachunkowe"},"image":{"@id":"http:\/\/amcbiznesgroup.pl\/#\/schema\/logo\/image\/"},"sameAs":["https:\/\/www.facebook.com\/AMC.biznes.group","https:\/\/www.instagram.com\/amc.biznes.group\/"]}]}},"_links":{"self":[{"href":"https:\/\/amcbiznesgroup.pl\/index.php\/wp-json\/wp\/v2\/pages\/11","targetHints":{"allow":["GET"]}}],"collection":[{"href":"https:\/\/amcbiznesgroup.pl\/index.php\/wp-json\/wp\/v2\/pages"}],"about":[{"href":"https:\/\/amcbiznesgroup.pl\/index.php\/wp-json\/wp\/v2\/types\/page"}],"author":[{"embeddable":true,"href":"https:\/\/amcbiznesgroup.pl\/index.php\/wp-json\/wp\/v2\/users\/1"}],"replies":[{"embeddable":true,"href":"https:\/\/amcbiznesgroup.pl\/index.php\/wp-json\/wp\/v2\/comments?post=11"}],"version-history":[{"count":160,"href":"https:\/\/amcbiznesgroup.pl\/index.php\/wp-json\/wp\/v2\/pages\/11\/revisions"}],"predecessor-version":[{"id":1229,"href":"https:\/\/amcbiznesgroup.pl\/index.php\/wp-json\/wp\/v2\/pages\/11\/revisions\/1229"}],"wp:featuredmedia":[{"embeddable":true,"href":"https:\/\/amcbiznesgroup.pl\/index.php\/wp-json\/wp\/v2\/media\/15"}],"wp:attachment":[{"href":"https:\/\/amcbiznesgroup.pl\/index.php\/wp-json\/wp\/v2\/media?parent=11"}],"curies":[{"name":"wp","href":"https:\/\/api.w.org\/{rel}","templated":true}]}}